{"id":8654,"date":"2025-06-02T15:52:38","date_gmt":"2025-06-02T19:52:38","guid":{"rendered":"https:\/\/finefoods.com.py\/?post_type=product&#038;p=8654"},"modified":"2025-10-03T09:29:55","modified_gmt":"2025-10-03T13:29:55","slug":"paulsen-pepinos-en-vinagre-1550g","status":"publish","type":"product","link":"https:\/\/finefoods.com.py\/es\/product\/paulsen-pepinos-en-vinagre-1550g\/","title":{"rendered":"Paulsen Pepinos en Vinagre 1550G"},"content":{"rendered":"<p><strong>Los cl\u00e1sicos pepinillos agridulces<\/strong><\/p>\n<p>Crujientes pepinillos en un escabeche arom\u00e1tico agridulce. Firmes al morder y deliciosos en sabor. Ideales como aperitivo para picar entre horas, en un buffet fr\u00edo o como acompa\u00f1amiento de s\u00e1ndwiches. Los cl\u00e1sicos pepinillos agridulces no deben faltar en ninguna mesa. La combinaci\u00f3n de vinagre, especias y az\u00facar hace que estos pepinillos sean tan sabrosos.<\/p>","protected":false},"excerpt":{"rendered":"<p>Ingredientes: Pepinos, vinagre de alcohol, az\u00facar, sal, hierbas, especias, semillas de mostaza, aromas naturales, agente endurecedor: cloruro de calcio.<\/p>","protected":false},"featured_media":8648,"template":"","meta":{"_acf_changed":false,"_monsterinsights_skip_tracking":false,"_monsterinsights_sitenote_active":false,"_monsterinsights_sitenote_note":"","_monsterinsights_sitenote_category":0,"_themeisle_gutenberg_block_has_review":false},"pwb-brand":[148],"product_brand":[],"product_cat":[200,62,50],"product_tag":[350,233,349,330,65,328],"class_list":{"0":"post-8654","1":"product","2":"type-product","3":"status-publish","4":"has-post-thumbnail","6":"pwb-brand-pepinos-paulsen","7":"product_cat-almacen","8":"product_cat-offers","9":"product_cat-products","10":"product_tag-acompanamiento","11":"product_tag-aleman","12":"product_tag-asado","13":"product_tag-encurtidos","14":"product_tag-germany","15":"product_tag-paulsen","17":"first","18":"instock","19":"shipping-taxable","20":"purchasable","21":"product-type-simple"},"acf":[],"aioseo_notices":[],"brands":[{"id":148,"name":"Paulsen","slug":"pepinos-paulsen"}],"_links":{"self":[{"href":"https:\/\/finefoods.com.py\/es\/wp-json\/wp\/v2\/product\/8654","targetHints":{"allow":["GET"]}}],"collection":[{"href":"https:\/\/finefoods.com.py\/es\/wp-json\/wp\/v2\/product"}],"about":[{"href":"https:\/\/finefoods.com.py\/es\/wp-json\/wp\/v2\/types\/product"}],"wp:featuredmedia":[{"embeddable":true,"href":"https:\/\/finefoods.com.py\/es\/wp-json\/wp\/v2\/media\/8648"}],"wp:attachment":[{"href":"https:\/\/finefoods.com.py\/es\/wp-json\/wp\/v2\/media?parent=8654"}],"wp:term":[{"taxonomy":"pwb-brand","embeddable":true,"href":"https:\/\/finefoods.com.py\/es\/wp-json\/wp\/v2\/pwb-brand?post=8654"},{"taxonomy":"product_brand","embeddable":true,"href":"https:\/\/finefoods.com.py\/es\/wp-json\/wp\/v2\/product_brand?post=8654"},{"taxonomy":"product_cat","embeddable":true,"href":"https:\/\/finefoods.com.py\/es\/wp-json\/wp\/v2\/product_cat?post=8654"},{"taxonomy":"product_tag","embeddable":true,"href":"https:\/\/finefoods.com.py\/es\/wp-json\/wp\/v2\/product_tag?post=8654"}],"curies":[{"name":"wp","href":"https:\/\/api.w.org\/{rel}","templated":true}]}}