{"id":8655,"date":"2025-06-02T16:02:02","date_gmt":"2025-06-02T20:02:02","guid":{"rendered":"https:\/\/finefoods.com.py\/?post_type=product&#038;p=8655"},"modified":"2025-10-03T09:29:43","modified_gmt":"2025-10-03T13:29:43","slug":"paulsen-col-roja-680g","status":"publish","type":"product","link":"https:\/\/finefoods.com.py\/es\/product\/paulsen-col-roja-680g\/","title":{"rendered":"Paulsen Col Roja 680G"},"content":{"rendered":"<p><span class=\"relative -mx-px my-[-0.2rem] rounded px-px py-[0.2rem] transition-colors duration-100 ease-in-out\">Disfrut\u00e1 del aut\u00e9ntico sabor alem\u00e1n con la <strong data-start=\"43\" data-end=\"63\">Col Roja Paulsen<\/strong>, una especialidad tradicional elaborada con ingredientes de alta calidad.<\/span> <span class=\"relative -mx-px my-[-0.2rem] rounded px-px py-[0.2rem] transition-colors duration-100 ease-in-out\">Esta col roja en conserva es el acompa\u00f1amiento perfecto para tus platos favoritos, aportando un toque agridulce y una textura suave que realza cualquier comida.<\/span><\/p>","protected":false},"excerpt":{"rendered":"<p><strong data-start=\"601\" data-end=\"621\">Ingredientes:<\/strong><br \/>\n<span class=\"relative -mx-px my-[-0.2rem] rounded px-px py-[0.2rem] transition-colors duration-100 ease-in-out\">Col roja, agua, az\u00facar, vinagre destilado, jugo de manzana, sal, aromas naturales.<\/span><\/p>","protected":false},"featured_media":8649,"template":"","meta":{"_acf_changed":false,"_monsterinsights_skip_tracking":false,"_monsterinsights_sitenote_active":false,"_monsterinsights_sitenote_note":"","_monsterinsights_sitenote_category":0,"_themeisle_gutenberg_block_has_review":false},"pwb-brand":[148],"product_brand":[],"product_cat":[200,62,50],"product_tag":[350,233,349,191,328,351],"class_list":{"0":"post-8655","1":"product","2":"type-product","3":"status-publish","4":"has-post-thumbnail","6":"pwb-brand-pepinos-paulsen","7":"product_cat-almacen","8":"product_cat-offers","9":"product_cat-products","10":"product_tag-acompanamiento","11":"product_tag-aleman","12":"product_tag-asado","13":"product_tag-paraguay","14":"product_tag-paulsen","15":"product_tag-picadas","17":"first","18":"instock","19":"shipping-taxable","20":"purchasable","21":"product-type-simple"},"acf":[],"aioseo_notices":[],"brands":[{"id":148,"name":"Paulsen","slug":"pepinos-paulsen"}],"_links":{"self":[{"href":"https:\/\/finefoods.com.py\/es\/wp-json\/wp\/v2\/product\/8655","targetHints":{"allow":["GET"]}}],"collection":[{"href":"https:\/\/finefoods.com.py\/es\/wp-json\/wp\/v2\/product"}],"about":[{"href":"https:\/\/finefoods.com.py\/es\/wp-json\/wp\/v2\/types\/product"}],"wp:featuredmedia":[{"embeddable":true,"href":"https:\/\/finefoods.com.py\/es\/wp-json\/wp\/v2\/media\/8649"}],"wp:attachment":[{"href":"https:\/\/finefoods.com.py\/es\/wp-json\/wp\/v2\/media?parent=8655"}],"wp:term":[{"taxonomy":"pwb-brand","embeddable":true,"href":"https:\/\/finefoods.com.py\/es\/wp-json\/wp\/v2\/pwb-brand?post=8655"},{"taxonomy":"product_brand","embeddable":true,"href":"https:\/\/finefoods.com.py\/es\/wp-json\/wp\/v2\/product_brand?post=8655"},{"taxonomy":"product_cat","embeddable":true,"href":"https:\/\/finefoods.com.py\/es\/wp-json\/wp\/v2\/product_cat?post=8655"},{"taxonomy":"product_tag","embeddable":true,"href":"https:\/\/finefoods.com.py\/es\/wp-json\/wp\/v2\/product_tag?post=8655"}],"curies":[{"name":"wp","href":"https:\/\/api.w.org\/{rel}","templated":true}]}}