{"id":8656,"date":"2025-06-02T16:04:13","date_gmt":"2025-06-02T20:04:13","guid":{"rendered":"https:\/\/finefoods.com.py\/?post_type=product&#038;p=8656"},"modified":"2025-10-03T09:29:36","modified_gmt":"2025-10-03T13:29:36","slug":"paulsen-chucrut-680g","status":"publish","type":"product","link":"https:\/\/finefoods.com.py\/es\/product\/paulsen-chucrut-680g\/","title":{"rendered":"Paulsen Chucrut 680G"},"content":{"rendered":"<p><span class=\"relative -mx-px my-[-0.2rem] rounded px-px py-[0.2rem] transition-colors duration-100 ease-in-out\">Disfrut\u00e1 del aut\u00e9ntico sabor de la cocina alemana con el <strong data-start=\"63\" data-end=\"82\">Chucrut Paulsen<\/strong> de 680\u202fg.<\/span> <span class=\"relative -mx-px my-[-0.2rem] rounded px-px py-[0.2rem] transition-colors duration-100 ease-in-out\">Elaborado mediante la fermentaci\u00f3n natural de col blanca finamente cortada, este producto ofrece una textura suave y un sabor ligeramente \u00e1cido que complementa a la perfecci\u00f3n una variedad de platos.<\/span><\/p>","protected":false},"excerpt":{"rendered":"<p><strong data-start=\"554\" data-end=\"574\"> Ingredientes:<\/strong><br \/>\n<span class=\"relative -mx-px my-[-0.2rem] rounded px-px py-[0.2rem] bg-[#FCECC1] dark:bg-[#64572A] transition-colors duration-100 ease-in-out\">Col blanca, agua, sal.<\/span><\/p>","protected":false},"featured_media":8647,"template":"","meta":{"_acf_changed":false,"_monsterinsights_skip_tracking":false,"_monsterinsights_sitenote_active":false,"_monsterinsights_sitenote_note":"","_monsterinsights_sitenote_category":0,"_themeisle_gutenberg_block_has_review":false},"pwb-brand":[148],"product_brand":[],"product_cat":[200,62,50],"product_tag":[350,233,349,65,328],"class_list":{"0":"post-8656","1":"product","2":"type-product","3":"status-publish","4":"has-post-thumbnail","6":"pwb-brand-pepinos-paulsen","7":"product_cat-almacen","8":"product_cat-offers","9":"product_cat-products","10":"product_tag-acompanamiento","11":"product_tag-aleman","12":"product_tag-asado","13":"product_tag-germany","14":"product_tag-paulsen","16":"first","17":"instock","18":"shipping-taxable","19":"purchasable","20":"product-type-simple"},"acf":[],"aioseo_notices":[],"brands":[{"id":148,"name":"Paulsen","slug":"pepinos-paulsen"}],"_links":{"self":[{"href":"https:\/\/finefoods.com.py\/es\/wp-json\/wp\/v2\/product\/8656","targetHints":{"allow":["GET"]}}],"collection":[{"href":"https:\/\/finefoods.com.py\/es\/wp-json\/wp\/v2\/product"}],"about":[{"href":"https:\/\/finefoods.com.py\/es\/wp-json\/wp\/v2\/types\/product"}],"wp:featuredmedia":[{"embeddable":true,"href":"https:\/\/finefoods.com.py\/es\/wp-json\/wp\/v2\/media\/8647"}],"wp:attachment":[{"href":"https:\/\/finefoods.com.py\/es\/wp-json\/wp\/v2\/media?parent=8656"}],"wp:term":[{"taxonomy":"pwb-brand","embeddable":true,"href":"https:\/\/finefoods.com.py\/es\/wp-json\/wp\/v2\/pwb-brand?post=8656"},{"taxonomy":"product_brand","embeddable":true,"href":"https:\/\/finefoods.com.py\/es\/wp-json\/wp\/v2\/product_brand?post=8656"},{"taxonomy":"product_cat","embeddable":true,"href":"https:\/\/finefoods.com.py\/es\/wp-json\/wp\/v2\/product_cat?post=8656"},{"taxonomy":"product_tag","embeddable":true,"href":"https:\/\/finefoods.com.py\/es\/wp-json\/wp\/v2\/product_tag?post=8656"}],"curies":[{"name":"wp","href":"https:\/\/api.w.org\/{rel}","templated":true}]}}