{"id":8678,"date":"2025-07-25T10:35:21","date_gmt":"2025-07-25T14:35:21","guid":{"rendered":"https:\/\/finefoods.com.py\/?post_type=product&#038;p=8678"},"modified":"2025-07-25T14:25:51","modified_gmt":"2025-07-25T18:25:51","slug":"mermelada-de-datil","status":"publish","type":"product","link":"https:\/\/finefoods.com.py\/es\/product\/mermelada-de-datil\/","title":{"rendered":"Mermelada de D\u00e1til"},"content":{"rendered":"<p>Mermelada de d\u00e1til Herencia. Ideal para tostadas, relleno de galletitas, tortas, tablas de quesos o para acompa\u00f1ar helados. Contiene az\u00facares.<\/p>","protected":false},"excerpt":{"rendered":"<p>El endulzante que viene de la tierra.<br \/>\nNatural, sin procesar y lleno de beneficios.<br \/>\nA diferencia del az\u00facar refinada, el d\u00e1til ofrece fibra, minerales y dulzor que nutre.<\/p>","protected":false},"featured_media":8680,"template":"","meta":{"_acf_changed":false,"_monsterinsights_skip_tracking":false,"_monsterinsights_sitenote_active":false,"_monsterinsights_sitenote_note":"","_monsterinsights_sitenote_category":0,"_themeisle_gutenberg_block_has_review":false},"pwb-brand":[361],"product_brand":[],"product_cat":[200,365,62,50],"product_tag":[350,363,362,78],"class_list":{"0":"post-8678","1":"product","2":"type-product","3":"status-publish","4":"has-post-thumbnail","6":"pwb-brand-herencia","7":"product_cat-almacen","8":"product_cat-datiles","9":"product_cat-offers","10":"product_cat-products","11":"product_tag-acompanamiento","12":"product_tag-desayunos","13":"product_tag-meriendas","14":"product_tag-tradicional","16":"first","17":"instock","18":"shipping-taxable","19":"purchasable","20":"product-type-simple"},"acf":[],"aioseo_notices":[],"brands":[{"id":361,"name":"Herencia","slug":"herencia"}],"_links":{"self":[{"href":"https:\/\/finefoods.com.py\/es\/wp-json\/wp\/v2\/product\/8678","targetHints":{"allow":["GET"]}}],"collection":[{"href":"https:\/\/finefoods.com.py\/es\/wp-json\/wp\/v2\/product"}],"about":[{"href":"https:\/\/finefoods.com.py\/es\/wp-json\/wp\/v2\/types\/product"}],"wp:featuredmedia":[{"embeddable":true,"href":"https:\/\/finefoods.com.py\/es\/wp-json\/wp\/v2\/media\/8680"}],"wp:attachment":[{"href":"https:\/\/finefoods.com.py\/es\/wp-json\/wp\/v2\/media?parent=8678"}],"wp:term":[{"taxonomy":"pwb-brand","embeddable":true,"href":"https:\/\/finefoods.com.py\/es\/wp-json\/wp\/v2\/pwb-brand?post=8678"},{"taxonomy":"product_brand","embeddable":true,"href":"https:\/\/finefoods.com.py\/es\/wp-json\/wp\/v2\/product_brand?post=8678"},{"taxonomy":"product_cat","embeddable":true,"href":"https:\/\/finefoods.com.py\/es\/wp-json\/wp\/v2\/product_cat?post=8678"},{"taxonomy":"product_tag","embeddable":true,"href":"https:\/\/finefoods.com.py\/es\/wp-json\/wp\/v2\/product_tag?post=8678"}],"curies":[{"name":"wp","href":"https:\/\/api.w.org\/{rel}","templated":true}]}}