{"id":8687,"date":"2025-07-25T14:17:10","date_gmt":"2025-07-25T18:17:10","guid":{"rendered":"https:\/\/finefoods.com.py\/?post_type=product&#038;p=8687"},"modified":"2025-10-03T09:50:59","modified_gmt":"2025-10-03T13:50:59","slug":"datiles-premium","status":"publish","type":"product","link":"https:\/\/finefoods.com.py\/es\/product\/datiles-premium\/","title":{"rendered":"D\u00e1tiles Premium"},"content":{"rendered":"<p>Rico en fibra, potasio y antioxidantes.<br \/>\nIdeal para deportistas, dietas balanceadas y quienes buscan dulzura sin culpa.<\/p>","protected":false},"excerpt":{"rendered":"<p>La calidad del d\u00e1til se clasifica por separaci\u00f3n de piel, el d\u00e1til premium lleva de 0% &#8211; 5% separaci\u00f3n de piel. Aporta una degustaci\u00f3n del 100%, sin el sentimiento de cascara seca.<\/p>","protected":false},"featured_media":8681,"template":"","meta":{"_acf_changed":false,"_monsterinsights_skip_tracking":false,"_monsterinsights_sitenote_active":false,"_monsterinsights_sitenote_note":"","_monsterinsights_sitenote_category":0,"_themeisle_gutenberg_block_has_review":false},"pwb-brand":[361],"product_brand":[],"product_cat":[200,365,62,50],"product_tag":[350,191,366],"class_list":{"0":"post-8687","1":"product","2":"type-product","3":"status-publish","4":"has-post-thumbnail","6":"pwb-brand-herencia","7":"product_cat-almacen","8":"product_cat-datiles","9":"product_cat-offers","10":"product_cat-products","11":"product_tag-acompanamiento","12":"product_tag-paraguay","13":"product_tag-snacks","15":"first","16":"outofstock","17":"shipping-taxable","18":"purchasable","19":"product-type-simple"},"acf":[],"aioseo_notices":[],"brands":[{"id":361,"name":"Herencia","slug":"herencia"}],"_links":{"self":[{"href":"https:\/\/finefoods.com.py\/es\/wp-json\/wp\/v2\/product\/8687","targetHints":{"allow":["GET"]}}],"collection":[{"href":"https:\/\/finefoods.com.py\/es\/wp-json\/wp\/v2\/product"}],"about":[{"href":"https:\/\/finefoods.com.py\/es\/wp-json\/wp\/v2\/types\/product"}],"wp:featuredmedia":[{"embeddable":true,"href":"https:\/\/finefoods.com.py\/es\/wp-json\/wp\/v2\/media\/8681"}],"wp:attachment":[{"href":"https:\/\/finefoods.com.py\/es\/wp-json\/wp\/v2\/media?parent=8687"}],"wp:term":[{"taxonomy":"pwb-brand","embeddable":true,"href":"https:\/\/finefoods.com.py\/es\/wp-json\/wp\/v2\/pwb-brand?post=8687"},{"taxonomy":"product_brand","embeddable":true,"href":"https:\/\/finefoods.com.py\/es\/wp-json\/wp\/v2\/product_brand?post=8687"},{"taxonomy":"product_cat","embeddable":true,"href":"https:\/\/finefoods.com.py\/es\/wp-json\/wp\/v2\/product_cat?post=8687"},{"taxonomy":"product_tag","embeddable":true,"href":"https:\/\/finefoods.com.py\/es\/wp-json\/wp\/v2\/product_tag?post=8687"}],"curies":[{"name":"wp","href":"https:\/\/api.w.org\/{rel}","templated":true}]}}