{"id":8688,"date":"2025-07-25T14:24:31","date_gmt":"2025-07-25T18:24:31","guid":{"rendered":"https:\/\/finefoods.com.py\/?post_type=product&#038;p=8688"},"modified":"2025-07-25T14:25:08","modified_gmt":"2025-07-25T18:25:08","slug":"datiles-tradicional","status":"publish","type":"product","link":"https:\/\/finefoods.com.py\/es\/product\/datiles-tradicional\/","title":{"rendered":"D\u00e1tiles Tradicional"},"content":{"rendered":"<p>Fibra diet\u00e9tica esencial para la salud digestiva.<br \/>\nMinerales esenciales como el potasio, magnesio y hierro. Antioxidantes, ayudan a proteger las celulas del cuerpo, lo que puede reducir el riesgo de enfermedades cr\u00f3nicas.<\/p>","protected":false},"excerpt":{"rendered":"<p>La calidad del d\u00e1til se clasifica por separaci\u00f3n de piel, el d\u00e1til Medium lleva de 5% &#8211; 20% separaci\u00f3n de piel. Aporta un gusto dulce y delicioso para los amantes del d\u00e1til.<\/p>","protected":false},"featured_media":8682,"template":"","meta":{"_acf_changed":false,"_monsterinsights_skip_tracking":false,"_monsterinsights_sitenote_active":false,"_monsterinsights_sitenote_note":"","_monsterinsights_sitenote_category":0,"_themeisle_gutenberg_block_has_review":false},"pwb-brand":[361],"product_brand":[],"product_cat":[200,365,62,50],"product_tag":[350,191,366],"class_list":{"0":"post-8688","1":"product","2":"type-product","3":"status-publish","4":"has-post-thumbnail","6":"pwb-brand-herencia","7":"product_cat-almacen","8":"product_cat-datiles","9":"product_cat-offers","10":"product_cat-products","11":"product_tag-acompanamiento","12":"product_tag-paraguay","13":"product_tag-snacks","15":"first","16":"instock","17":"shipping-taxable","18":"purchasable","19":"product-type-simple"},"acf":[],"aioseo_notices":[],"brands":[{"id":361,"name":"Herencia","slug":"herencia"}],"_links":{"self":[{"href":"https:\/\/finefoods.com.py\/es\/wp-json\/wp\/v2\/product\/8688","targetHints":{"allow":["GET"]}}],"collection":[{"href":"https:\/\/finefoods.com.py\/es\/wp-json\/wp\/v2\/product"}],"about":[{"href":"https:\/\/finefoods.com.py\/es\/wp-json\/wp\/v2\/types\/product"}],"wp:featuredmedia":[{"embeddable":true,"href":"https:\/\/finefoods.com.py\/es\/wp-json\/wp\/v2\/media\/8682"}],"wp:attachment":[{"href":"https:\/\/finefoods.com.py\/es\/wp-json\/wp\/v2\/media?parent=8688"}],"wp:term":[{"taxonomy":"pwb-brand","embeddable":true,"href":"https:\/\/finefoods.com.py\/es\/wp-json\/wp\/v2\/pwb-brand?post=8688"},{"taxonomy":"product_brand","embeddable":true,"href":"https:\/\/finefoods.com.py\/es\/wp-json\/wp\/v2\/product_brand?post=8688"},{"taxonomy":"product_cat","embeddable":true,"href":"https:\/\/finefoods.com.py\/es\/wp-json\/wp\/v2\/product_cat?post=8688"},{"taxonomy":"product_tag","embeddable":true,"href":"https:\/\/finefoods.com.py\/es\/wp-json\/wp\/v2\/product_tag?post=8688"}],"curies":[{"name":"wp","href":"https:\/\/api.w.org\/{rel}","templated":true}]}}