{"id":8789,"date":"2025-10-01T13:53:25","date_gmt":"2025-10-01T17:53:25","guid":{"rendered":"https:\/\/finefoods.com.py\/?post_type=product&#038;p=8789"},"modified":"2026-01-06T08:43:05","modified_gmt":"2026-01-06T11:43:05","slug":"combo-mes-del-cafe","status":"publish","type":"product","link":"https:\/\/finefoods.com.py\/es\/product\/combo-mes-del-cafe\/","title":{"rendered":"Combo Mes del Caf\u00e9"},"content":{"rendered":"<p>Este mes del Caf\u00e9, celebramos la cultura del caf\u00e9 + la cultura paraguaya<\/p>\n<p>El caf\u00e9 nos une, nos despierta y nos acompa\u00f1a\u2026 igual que nuestra cultura.<br \/>\nPor eso, fusionamos el sabor intenso de GOLD con el arte, los colores y la historia de Paraguay.<\/p>","protected":false},"excerpt":{"rendered":"<p>Dallmayr Gold + Taza coleccionable con dise\u00f1os que cuentan historias de nuestra tierra.<\/p>\n<p>Hay 3 modelos \u00fanicos inspirados en lo que somos.<br \/>\n\u00a1Colecci\u00f3nalos todos!<\/p>","protected":false},"featured_media":8791,"template":"","meta":{"_acf_changed":false,"_monsterinsights_skip_tracking":false,"_monsterinsights_sitenote_active":false,"_monsterinsights_sitenote_note":"","_monsterinsights_sitenote_category":0,"_themeisle_gutenberg_block_has_review":false},"pwb-brand":[142],"product_brand":[],"product_cat":[200,49,62,50],"product_tag":[233,190,234,69,70,51,259,192,60,191],"class_list":{"0":"post-8789","1":"product","2":"type-product","3":"status-publish","4":"has-post-thumbnail","6":"pwb-brand-dallmayr","7":"product_cat-almacen","8":"product_cat-coffee","9":"product_cat-offers","10":"product_cat-products","11":"product_tag-aleman","12":"product_tag-cafe","13":"product_tag-cafe-de-especialidad","14":"product_tag-capsa","15":"product_tag-capsulas","16":"product_tag-coffee","17":"product_tag-combo","18":"product_tag-dallmayr","19":"product_tag-espresso","20":"product_tag-paraguay","22":"first","23":"instock","24":"shipping-taxable","25":"purchasable","26":"product-type-simple"},"acf":[],"aioseo_notices":[],"brands":[{"id":142,"name":"Dallmayr","slug":"dallmayr"}],"_links":{"self":[{"href":"https:\/\/finefoods.com.py\/es\/wp-json\/wp\/v2\/product\/8789","targetHints":{"allow":["GET"]}}],"collection":[{"href":"https:\/\/finefoods.com.py\/es\/wp-json\/wp\/v2\/product"}],"about":[{"href":"https:\/\/finefoods.com.py\/es\/wp-json\/wp\/v2\/types\/product"}],"wp:featuredmedia":[{"embeddable":true,"href":"https:\/\/finefoods.com.py\/es\/wp-json\/wp\/v2\/media\/8791"}],"wp:attachment":[{"href":"https:\/\/finefoods.com.py\/es\/wp-json\/wp\/v2\/media?parent=8789"}],"wp:term":[{"taxonomy":"pwb-brand","embeddable":true,"href":"https:\/\/finefoods.com.py\/es\/wp-json\/wp\/v2\/pwb-brand?post=8789"},{"taxonomy":"product_brand","embeddable":true,"href":"https:\/\/finefoods.com.py\/es\/wp-json\/wp\/v2\/product_brand?post=8789"},{"taxonomy":"product_cat","embeddable":true,"href":"https:\/\/finefoods.com.py\/es\/wp-json\/wp\/v2\/product_cat?post=8789"},{"taxonomy":"product_tag","embeddable":true,"href":"https:\/\/finefoods.com.py\/es\/wp-json\/wp\/v2\/product_tag?post=8789"}],"curies":[{"name":"wp","href":"https:\/\/api.w.org\/{rel}","templated":true}]}}