{"id":8809,"date":"2025-11-13T17:01:36","date_gmt":"2025-11-13T20:01:36","guid":{"rendered":"https:\/\/finefoods.com.py\/?post_type=product&#038;p=8809"},"modified":"2025-11-13T17:01:36","modified_gmt":"2025-11-13T20:01:36","slug":"dallmayr-ethiopian-crown-cafe-molido-250g","status":"publish","type":"product","link":"https:\/\/finefoods.com.py\/es\/product\/dallmayr-ethiopian-crown-cafe-molido-250g\/","title":{"rendered":"Dallmayr, Ethiopian Crown, caf\u00e9 Molido, 250g"},"content":{"rendered":"<p>Esta rara especialidad, Ethiop\u00edan crown, proviene de Etiop\u00eda donde el caf\u00e9 fue descubierto en el siglo IX. De inconfundible sabor gourmet, aroma elegante, condimentado sabor de cuerpo entero y acidez equilibrada. Para uso en cafetera de filtro, autom\u00e1tica o de prensa francesa. Presentaci\u00f3n en tarro de hojalata herm\u00e9tico de 250g, envasado en atm\u00f3sfera modificada.<\/p>","protected":false},"excerpt":{"rendered":"<p>Esta rara especialidad, Ethiopian Crown, proviene de Etiop\u00eda, donde se descubri\u00f3 el caf\u00e9 en el siglo IX. Con un inconfundible sabor gourmet, aroma elegante, sabor especiado con cuerpo y acidez equilibrada.<\/p>\n<p>Para uso en cafeteras de filtro, autom\u00e1ticas o de prensa francesa.<\/p>\n<p>Presentaci\u00f3n en tarro herm\u00e9tico de lata de 250g, envasado en atm\u00f3sfera modificada.<\/p>","protected":false},"featured_media":8810,"template":"","meta":{"_acf_changed":false,"_monsterinsights_skip_tracking":false,"_monsterinsights_sitenote_active":false,"_monsterinsights_sitenote_note":"","_monsterinsights_sitenote_category":0,"_themeisle_gutenberg_block_has_review":false},"pwb-brand":[142],"product_brand":[],"product_cat":[49,62,50],"product_tag":[190,234,189,51,192,65],"class_list":{"0":"post-8809","1":"product","2":"type-product","3":"status-publish","4":"has-post-thumbnail","6":"pwb-brand-dallmayr","7":"product_cat-coffee","8":"product_cat-offers","9":"product_cat-products","10":"product_tag-cafe","11":"product_tag-cafe-de-especialidad","12":"product_tag-cafetera","13":"product_tag-coffee","14":"product_tag-dallmayr","15":"product_tag-germany","17":"first","18":"instock","19":"shipping-taxable","20":"purchasable","21":"product-type-simple"},"acf":[],"aioseo_notices":[],"brands":[{"id":142,"name":"Dallmayr","slug":"dallmayr"}],"_links":{"self":[{"href":"https:\/\/finefoods.com.py\/es\/wp-json\/wp\/v2\/product\/8809","targetHints":{"allow":["GET"]}}],"collection":[{"href":"https:\/\/finefoods.com.py\/es\/wp-json\/wp\/v2\/product"}],"about":[{"href":"https:\/\/finefoods.com.py\/es\/wp-json\/wp\/v2\/types\/product"}],"wp:featuredmedia":[{"embeddable":true,"href":"https:\/\/finefoods.com.py\/es\/wp-json\/wp\/v2\/media\/8810"}],"wp:attachment":[{"href":"https:\/\/finefoods.com.py\/es\/wp-json\/wp\/v2\/media?parent=8809"}],"wp:term":[{"taxonomy":"pwb-brand","embeddable":true,"href":"https:\/\/finefoods.com.py\/es\/wp-json\/wp\/v2\/pwb-brand?post=8809"},{"taxonomy":"product_brand","embeddable":true,"href":"https:\/\/finefoods.com.py\/es\/wp-json\/wp\/v2\/product_brand?post=8809"},{"taxonomy":"product_cat","embeddable":true,"href":"https:\/\/finefoods.com.py\/es\/wp-json\/wp\/v2\/product_cat?post=8809"},{"taxonomy":"product_tag","embeddable":true,"href":"https:\/\/finefoods.com.py\/es\/wp-json\/wp\/v2\/product_tag?post=8809"}],"curies":[{"name":"wp","href":"https:\/\/api.w.org\/{rel}","templated":true}]}}