{"id":8827,"date":"2025-12-22T11:37:54","date_gmt":"2025-12-22T14:37:54","guid":{"rendered":"https:\/\/finefoods.com.py\/?post_type=product&#038;p=8827"},"modified":"2025-12-22T11:42:27","modified_gmt":"2025-12-22T14:42:27","slug":"crispy-onion-rings-aros-de-cebolla-crujientes","status":"publish","type":"product","link":"https:\/\/finefoods.com.py\/es\/product\/crispy-onion-rings-aros-de-cebolla-crujientes\/","title":{"rendered":"Farm Frites &#8211; Aros de cebolla crujientes"},"content":{"rendered":"<div class=\"sc-2064d8e4-0 ldAwrZ\">\n<div class=\"sc-2064d8e4-1 glsSbH\">Preparaci\u00f3n<\/div>\n<div class=\"sc-2064d8e4-1 glsSbH\">Freidora: Fre\u00edr peque\u00f1as cantidades en aceite caliente (175\u00b0C\/347\u00b0F) durante 2:00-3:00 minutos. Horno: Precalienta el horno a 200\u00b0C\/392\u00b0F. Coloca el producto congelado en una sola capa sobre una bandeja forrada con papel para horno. Hornear durante 15:00 minutos aproximadamente. Dar la vuelta a mitad de cocci\u00f3n.<\/div>\n<div><\/div>\n<\/div>\n<div class=\"sc-2064d8e4-0 ldAwrZ\">\n<div class=\"sc-2064d8e4-1 glsSbH\">Ingredientes<\/div>\n<div class=\"sc-2064d8e4-1 glsSbH\">cebolla 53%, harina (TRIGO), aceite de girasol, agua, gelificante (E401), sal, levadura, az\u00facar, colorantes (E160c, E100). Puede contener soja y mostaza.<\/div>\n<div><\/div>\n<\/div>\n<div class=\"sc-2064d8e4-0 ldAwrZ\">\n<div class=\"sc-2064d8e4-1 glsSbH\">Almacenamiento<\/div>\n<div class=\"sc-2064d8e4-1 glsSbH\">-18\u00b0C durante varios meses, ver envase. No volver a congelar una vez descongelado.<\/div>\n<\/div>","protected":false},"excerpt":{"rendered":"<p class=\"sc-4cae97ad-0 cyLNbZ\">Descubre nuestro producto aros de cebolla crujientes.<\/p>\n<div class=\"sc-f8a742cd-0 sc-8ee0c512-1 WiLRe jSZlwA\">\n<p class=\"sc-4cae97ad-0 cyLNbZ\"><span class=\"sc-f8a742cd-2 fpeSIO\">Nuestros aperitivos son porciones para compartir de nuestra amplia l\u00ednea &#8220;Aperitivos&#8221; y vienen en forma de deliciosos snacks de queso y verduras que aportan brillo a tu men\u00fa. Cumplen los m\u00e1s altos est\u00e1ndares de las cocinas profesionales. Amplia tu men\u00fa y crea momentos memorables y experiencias gastron\u00f3micas compartidas para tus clientes.<\/span><\/p>\n<p class=\"sc-4cae97ad-0 cyLNbZ\"><span class=\"sc-f8a742cd-2 fpeSIO\">Nuestros aros de cebolla crujientes son una opci\u00f3n popular para cualquier men\u00fa de aperitivos. Nuestro producto exitoso con una receta nueva y mejorada.<\/span><\/p>\n<\/div>","protected":false},"featured_media":8828,"template":"","meta":{"_acf_changed":false,"_monsterinsights_skip_tracking":false,"_monsterinsights_sitenote_active":false,"_monsterinsights_sitenote_note":"","_monsterinsights_sitenote_category":0,"_themeisle_gutenberg_block_has_review":false},"pwb-brand":[368],"product_brand":[],"product_cat":[73,62,50],"product_tag":[350,349,75,191,351],"class_list":{"0":"post-8827","1":"product","2":"type-product","3":"status-publish","4":"has-post-thumbnail","6":"pwb-brand-farmfrites","7":"product_cat-frozen","8":"product_cat-offers","9":"product_cat-products","10":"product_tag-acompanamiento","11":"product_tag-asado","12":"product_tag-french-fries","13":"product_tag-paraguay","14":"product_tag-picadas","16":"first","17":"instock","18":"shipping-taxable","19":"purchasable","20":"product-type-simple"},"acf":[],"aioseo_notices":[],"brands":[{"id":368,"name":"Farm Frites","slug":"farmfrites"}],"_links":{"self":[{"href":"https:\/\/finefoods.com.py\/es\/wp-json\/wp\/v2\/product\/8827","targetHints":{"allow":["GET"]}}],"collection":[{"href":"https:\/\/finefoods.com.py\/es\/wp-json\/wp\/v2\/product"}],"about":[{"href":"https:\/\/finefoods.com.py\/es\/wp-json\/wp\/v2\/types\/product"}],"wp:featuredmedia":[{"embeddable":true,"href":"https:\/\/finefoods.com.py\/es\/wp-json\/wp\/v2\/media\/8828"}],"wp:attachment":[{"href":"https:\/\/finefoods.com.py\/es\/wp-json\/wp\/v2\/media?parent=8827"}],"wp:term":[{"taxonomy":"pwb-brand","embeddable":true,"href":"https:\/\/finefoods.com.py\/es\/wp-json\/wp\/v2\/pwb-brand?post=8827"},{"taxonomy":"product_brand","embeddable":true,"href":"https:\/\/finefoods.com.py\/es\/wp-json\/wp\/v2\/product_brand?post=8827"},{"taxonomy":"product_cat","embeddable":true,"href":"https:\/\/finefoods.com.py\/es\/wp-json\/wp\/v2\/product_cat?post=8827"},{"taxonomy":"product_tag","embeddable":true,"href":"https:\/\/finefoods.com.py\/es\/wp-json\/wp\/v2\/product_tag?post=8827"}],"curies":[{"name":"wp","href":"https:\/\/api.w.org\/{rel}","templated":true}]}}