{"id":8832,"date":"2025-12-22T11:57:04","date_gmt":"2025-12-22T14:57:04","guid":{"rendered":"https:\/\/finefoods.com.py\/?post_type=product&#038;p=8832"},"modified":"2025-12-22T11:57:04","modified_gmt":"2025-12-22T14:57:04","slug":"farm-frites-estilo-casero","status":"publish","type":"product","link":"https:\/\/finefoods.com.py\/es\/product\/farm-frites-estilo-casero\/","title":{"rendered":"Farm Frites &#8211; Estilo Casero"},"content":{"rendered":"<div class=\"sc-f8a742cd-0 sc-8ee0c512-1 WiLRe jSZlwA\">\n<p class=\"sc-4cae97ad-0 cyLNbZ\">Preparaci\u00f3n<\/p>\n<\/div>\n<div class=\"sc-2064d8e4-0 ldAwrZ\">\n<div class=\"sc-2064d8e4-3 hoZwC\">\n<p class=\"sc-4cae97ad-0 cyLNbZ\">Freidora: fre\u00edr peque\u00f1as cantidades en aceite muy caliente (175\u00b0C) durante 3-4 minutos. Horno: precalentar a 220\u00b0C (aire caliente) Coloca el producto congelado en una sola capa sobre una bandeja forrada con papel de horno. Hornear durante 20-25 minutos hasta que los palitos est\u00e9n crujientes y bien cocinados. Se aconseja dar la vuelta r\u00e1pidamente a los palitos a mitad de la cocci\u00f3n. Horno industrial: Precalentar a 220\u00b0C (aire caliente) y colocar las cestas con una capa de papas fritas (aprox. 1 kg) en el horno precalentado. Hornear durante 15-20 minutos hasta que las papas est\u00e9n crujientes y bien cocidas. Recomendamos dar a las cestas una sacudida r\u00e1pida a mitad del tiempo de cocci\u00f3n.<\/p>\n<\/div>\n<\/div>\n<div class=\"sc-2064d8e4-0 ldAwrZ\">\n<div class=\"sc-2064d8e4-1 glsSbH\">Ingredientes<\/div>\n<div class=\"sc-2064d8e4-3 hoZwC\">\n<p class=\"sc-4cae97ad-0 cyLNbZ\">Papa (95,8%), aceite de girasol (4,2%).<\/p>\n<\/div>\n<\/div>\n<div class=\"sc-2064d8e4-0 ldAwrZ\">\n<div class=\"sc-2064d8e4-1 glsSbH\">Almacenamiento<\/div>\n<div class=\"sc-2064d8e4-3 hoZwC\">\n<p class=\"sc-4cae97ad-0 cyLNbZ\">Conservar en el refrigerador 0\u00b0C-4\u00b0C. Conservar durante un periodo limitado (ver envase). No utilizar despu\u00e9s de la fecha de caducidad.<\/p>\n<\/div>\n<\/div>","protected":false},"excerpt":{"rendered":"<p class=\"sc-4cae97ad-0 cyLNbZ\">Prueba nuestras papas sabosas y aut\u00e9nticas. El corte irregular te da un toque casero.<\/p>\n<div class=\"sc-f8a742cd-0 sc-8ee0c512-1 WiLRe jSZlwA\">\n<p class=\"sc-4cae97ad-0 cyLNbZ\"><span class=\"sc-f8a742cd-2 fpeSIO\">En la l\u00ednea &#8220;Home-Style&#8221;, nuestras papas fritas tienen un sabor casero. Es nuestra respuesta a las preferencias de los clientes de hoy: aut\u00e9nticas papas fritas de aspecto r\u00fastico y sabor casero. Elaboradas con papas especialmente seleccionadas y cortadas de forma irregular. Sirve a tus clientes una comida que les recuerde a su hogar con nuestras papas fritas r\u00fasticas.<\/span><\/p>\n<\/div>","protected":false},"featured_media":8834,"template":"","meta":{"_acf_changed":false,"_monsterinsights_skip_tracking":false,"_monsterinsights_sitenote_active":false,"_monsterinsights_sitenote_note":"","_monsterinsights_sitenote_category":0,"_themeisle_gutenberg_block_has_review":false},"pwb-brand":[368],"product_brand":[],"product_cat":[74,73],"product_tag":[350,349,75,77,191,351],"class_list":{"0":"post-8832","1":"product","2":"type-product","3":"status-publish","4":"has-post-thumbnail","6":"pwb-brand-farmfrites","7":"product_cat-french-fries","8":"product_cat-frozen","9":"product_tag-acompanamiento","10":"product_tag-asado","11":"product_tag-french-fries","12":"product_tag-papas-fritas","13":"product_tag-paraguay","14":"product_tag-picadas","16":"first","17":"instock","18":"shipping-taxable","19":"purchasable","20":"product-type-simple"},"acf":[],"aioseo_notices":[],"brands":[{"id":368,"name":"Farm Frites","slug":"farmfrites"}],"_links":{"self":[{"href":"https:\/\/finefoods.com.py\/es\/wp-json\/wp\/v2\/product\/8832","targetHints":{"allow":["GET"]}}],"collection":[{"href":"https:\/\/finefoods.com.py\/es\/wp-json\/wp\/v2\/product"}],"about":[{"href":"https:\/\/finefoods.com.py\/es\/wp-json\/wp\/v2\/types\/product"}],"wp:featuredmedia":[{"embeddable":true,"href":"https:\/\/finefoods.com.py\/es\/wp-json\/wp\/v2\/media\/8834"}],"wp:attachment":[{"href":"https:\/\/finefoods.com.py\/es\/wp-json\/wp\/v2\/media?parent=8832"}],"wp:term":[{"taxonomy":"pwb-brand","embeddable":true,"href":"https:\/\/finefoods.com.py\/es\/wp-json\/wp\/v2\/pwb-brand?post=8832"},{"taxonomy":"product_brand","embeddable":true,"href":"https:\/\/finefoods.com.py\/es\/wp-json\/wp\/v2\/product_brand?post=8832"},{"taxonomy":"product_cat","embeddable":true,"href":"https:\/\/finefoods.com.py\/es\/wp-json\/wp\/v2\/product_cat?post=8832"},{"taxonomy":"product_tag","embeddable":true,"href":"https:\/\/finefoods.com.py\/es\/wp-json\/wp\/v2\/product_tag?post=8832"}],"curies":[{"name":"wp","href":"https:\/\/api.w.org\/{rel}","templated":true}]}}