{"id":8835,"date":"2025-12-22T12:06:50","date_gmt":"2025-12-22T15:06:50","guid":{"rendered":"https:\/\/finefoods.com.py\/?post_type=product&#038;p=8835"},"modified":"2025-12-22T12:06:50","modified_gmt":"2025-12-22T15:06:50","slug":"farm-frites-country","status":"publish","type":"product","link":"https:\/\/finefoods.com.py\/es\/product\/farm-frites-country\/","title":{"rendered":"Farm Frites &#8211; Country"},"content":{"rendered":"<div class=\"sc-2064d8e4-0 ldAwrZ\">\n<div class=\"sc-2064d8e4-1 glsSbH\">Preparaci\u00f3n<\/div>\n<div class=\"sc-2064d8e4-3 hoZwC\">\n<p class=\"sc-4cae97ad-0 cyLNbZ\">Freidora: Fr\u00ede peque\u00f1as cantidades en aceite caliente (175\u00b0C\/347\u00b0F) durante 3:00 &#8211; 4:00 minutos. Horno: Precalienta el horno a 220\u00b0C\/425\u00b0F y coloca el producto congelado en una sola capa sobre una bandeja de horno con papel de horno. Hornea de 12:00 a 17:00 minutos. Dar la vuelta a mitad de cocci\u00f3n.<\/p>\n<\/div>\n<\/div>\n<div class=\"sc-2064d8e4-0 ldAwrZ\">\n<div class=\"sc-2064d8e4-1 glsSbH\">Ingredientes<\/div>\n<div class=\"sc-2064d8e4-3 hoZwC\">\n<p class=\"sc-4cae97ad-0 cyLNbZ\">Almidones, maltodextrina, harina de ma\u00edz, harina de arroz, sal, especias, cebolla en polvo, ajo en polvo, gasificantes (E450i, E500ii), extracto de levadura, estabilizante (E415), extractos de especias, dextrosa.<\/p>\n<\/div>\n<\/div>\n<div class=\"sc-2064d8e4-0 ldAwrZ\">\n<div class=\"sc-2064d8e4-1 glsSbH\">Almacenamiento<\/div>\n<div class=\"sc-2064d8e4-3 hoZwC\">\n<p class=\"sc-4cae97ad-0 cyLNbZ\">-18\u00b0C\/0\u00b0F varios meses, ver envase.<\/p>\n<\/div>\n<\/div>","protected":false},"excerpt":{"rendered":"<p class=\"sc-4cae97ad-0 cyLNbZ\">Agrega algo especial a tu men\u00fa con nuestras Super Wedges.<\/p>\n<div class=\"sc-f8a742cd-0 sc-8ee0c512-1 WiLRe jSZlwA\">\n<p class=\"sc-4cae97ad-0 cyLNbZ\"><span class=\"sc-f8a742cd-2 fpeSIO\">Nuestra l\u00ednea de los productos de papa m\u00e1s deliciosos y vers\u00e1tiles &#8220;Especialidades&#8221;, son productos elaborados para agregar un toque sorpresa a cualquier men\u00fa. Utilizando las papas m\u00e1s sabrosas, ofrecemos una amplia l\u00ednea de especialidades de papa cortadas, trituradas y ralladas.<\/span><span class=\"sc-f8a742cd-2 fpeSIO\"><br \/>\n<\/span><span class=\"sc-f8a742cd-2 fpeSIO\"><br \/>\n<\/span><span class=\"sc-f8a742cd-2 fpeSIO\">Las papas fritas Super Wedges son condimentadas con una sabrosa mezcla de hierbas y especias. Se mantienen crujientes y calientes durante m\u00e1s tiempo debido a su revestimiento especial coated. Mantenemos la piel para un sabor m\u00e1s aut\u00e9ntico. Sin gluten, para que todos disfruten.<\/span><\/p>\n<\/div>","protected":false},"featured_media":8836,"template":"","meta":{"_acf_changed":false,"_monsterinsights_skip_tracking":false,"_monsterinsights_sitenote_active":false,"_monsterinsights_sitenote_note":"","_monsterinsights_sitenote_category":0,"_themeisle_gutenberg_block_has_review":false},"pwb-brand":[368],"product_brand":[],"product_cat":[74,73],"product_tag":[350,349,75,77,191,351],"class_list":{"0":"post-8835","1":"product","2":"type-product","3":"status-publish","4":"has-post-thumbnail","6":"pwb-brand-farmfrites","7":"product_cat-french-fries","8":"product_cat-frozen","9":"product_tag-acompanamiento","10":"product_tag-asado","11":"product_tag-french-fries","12":"product_tag-papas-fritas","13":"product_tag-paraguay","14":"product_tag-picadas","16":"first","17":"instock","18":"shipping-taxable","19":"purchasable","20":"product-type-simple"},"acf":[],"aioseo_notices":[],"brands":[{"id":368,"name":"Farm Frites","slug":"farmfrites"}],"_links":{"self":[{"href":"https:\/\/finefoods.com.py\/es\/wp-json\/wp\/v2\/product\/8835","targetHints":{"allow":["GET"]}}],"collection":[{"href":"https:\/\/finefoods.com.py\/es\/wp-json\/wp\/v2\/product"}],"about":[{"href":"https:\/\/finefoods.com.py\/es\/wp-json\/wp\/v2\/types\/product"}],"wp:featuredmedia":[{"embeddable":true,"href":"https:\/\/finefoods.com.py\/es\/wp-json\/wp\/v2\/media\/8836"}],"wp:attachment":[{"href":"https:\/\/finefoods.com.py\/es\/wp-json\/wp\/v2\/media?parent=8835"}],"wp:term":[{"taxonomy":"pwb-brand","embeddable":true,"href":"https:\/\/finefoods.com.py\/es\/wp-json\/wp\/v2\/pwb-brand?post=8835"},{"taxonomy":"product_brand","embeddable":true,"href":"https:\/\/finefoods.com.py\/es\/wp-json\/wp\/v2\/product_brand?post=8835"},{"taxonomy":"product_cat","embeddable":true,"href":"https:\/\/finefoods.com.py\/es\/wp-json\/wp\/v2\/product_cat?post=8835"},{"taxonomy":"product_tag","embeddable":true,"href":"https:\/\/finefoods.com.py\/es\/wp-json\/wp\/v2\/product_tag?post=8835"}],"curies":[{"name":"wp","href":"https:\/\/api.w.org\/{rel}","templated":true}]}}