{"id":8841,"date":"2025-12-30T15:50:40","date_gmt":"2025-12-30T18:50:40","guid":{"rendered":"https:\/\/finefoods.com.py\/?post_type=product&#038;p=8841"},"modified":"2025-12-30T15:51:42","modified_gmt":"2025-12-30T18:51:42","slug":"datiles-tradicional-2","status":"publish","type":"product","link":"https:\/\/finefoods.com.py\/es\/product\/datiles-tradicional-2\/","title":{"rendered":"D\u00e1tiles Tradicional"},"content":{"rendered":"<p>Fibra diet\u00e9tica esencial para la salud digestiva.<br \/>\nMinerales esenciales como el potasio, magnesio y hierro. Antioxidantes, ayudan a proteger las celulas del cuerpo, lo que puede reducir el riesgo de enfermedades cr\u00f3nicas.<\/p>","protected":false},"excerpt":{"rendered":"<p>La calidad del d\u00e1til se clasifica por separaci\u00f3n de piel, el d\u00e1til Medium lleva de 5% \u2013 20% separaci\u00f3n de piel. Aporta un gusto dulce y delicioso para los amantes del d\u00e1til.<\/p>","protected":false},"featured_media":8843,"template":"","meta":{"_acf_changed":false,"_monsterinsights_skip_tracking":false,"_monsterinsights_sitenote_active":false,"_monsterinsights_sitenote_note":"","_monsterinsights_sitenote_category":0,"_themeisle_gutenberg_block_has_review":false},"pwb-brand":[361],"product_brand":[],"product_cat":[200,365,62,50],"product_tag":[369,366],"class_list":{"0":"post-8841","1":"product","2":"type-product","3":"status-publish","4":"has-post-thumbnail","6":"pwb-brand-herencia","7":"product_cat-almacen","8":"product_cat-datiles","9":"product_cat-offers","10":"product_cat-products","11":"product_tag-datiles","12":"product_tag-snacks","14":"first","15":"instock","16":"shipping-taxable","17":"purchasable","18":"product-type-simple"},"acf":[],"aioseo_notices":[],"brands":[{"id":361,"name":"Herencia","slug":"herencia"}],"_links":{"self":[{"href":"https:\/\/finefoods.com.py\/es\/wp-json\/wp\/v2\/product\/8841","targetHints":{"allow":["GET"]}}],"collection":[{"href":"https:\/\/finefoods.com.py\/es\/wp-json\/wp\/v2\/product"}],"about":[{"href":"https:\/\/finefoods.com.py\/es\/wp-json\/wp\/v2\/types\/product"}],"wp:featuredmedia":[{"embeddable":true,"href":"https:\/\/finefoods.com.py\/es\/wp-json\/wp\/v2\/media\/8843"}],"wp:attachment":[{"href":"https:\/\/finefoods.com.py\/es\/wp-json\/wp\/v2\/media?parent=8841"}],"wp:term":[{"taxonomy":"pwb-brand","embeddable":true,"href":"https:\/\/finefoods.com.py\/es\/wp-json\/wp\/v2\/pwb-brand?post=8841"},{"taxonomy":"product_brand","embeddable":true,"href":"https:\/\/finefoods.com.py\/es\/wp-json\/wp\/v2\/product_brand?post=8841"},{"taxonomy":"product_cat","embeddable":true,"href":"https:\/\/finefoods.com.py\/es\/wp-json\/wp\/v2\/product_cat?post=8841"},{"taxonomy":"product_tag","embeddable":true,"href":"https:\/\/finefoods.com.py\/es\/wp-json\/wp\/v2\/product_tag?post=8841"}],"curies":[{"name":"wp","href":"https:\/\/api.w.org\/{rel}","templated":true}]}}