{"id":8845,"date":"2026-01-08T15:29:31","date_gmt":"2026-01-08T18:29:31","guid":{"rendered":"https:\/\/finefoods.com.py\/?post_type=product&#038;p=8845"},"modified":"2026-01-08T15:29:31","modified_gmt":"2026-01-08T18:29:31","slug":"farm-frites-mini-waffles","status":"publish","type":"product","link":"https:\/\/finefoods.com.py\/es\/product\/farm-frites-mini-waffles\/","title":{"rendered":"Farm Frites &#8211; Mini Waffles"},"content":{"rendered":"<div class=\"sc-2064d8e4-0 ldAwrZ\">\n<div class=\"sc-2064d8e4-1 glsSbH\"><strong>Preparaci\u00f3n<\/strong><\/p>\n<ol>\n<li class=\"sc-2064d8e4-2 cnxPHT\">Horno: Precalentar el horno a 220\u00b0C\/425\u00b0F. Colocar el producto congelado en una sola capa sobre una bandeja para horno con papel de horno. Hornear durante 12-15 minutos. Voltear a mitad de la cocci\u00f3n.<\/li>\n<li class=\"sc-2064d8e4-2 cnxPHT\">Freidora: Fre\u00edr peque\u00f1as cantidades en aceite caliente (175\u00b0C\/347\u00b0F) durante 3-4 minutos. Grill: Colocar bajo la parrilla precalentada y cocinar por 8-12 minutos.<\/li>\n<\/ol>\n<\/div>\n<\/div>\n<div class=\"sc-2064d8e4-0 ldAwrZ\">\n<div class=\"sc-2064d8e4-1 glsSbH\"><strong>Ingredientes<\/strong><\/p>\n<div class=\"sc-2064d8e4-2 cnxPHT\">Papa (86%), aceite de girasol, cebolla (3%), sal, estabilizante: E464, dextrosa, cebolla en polvo, pimienta blanca.<\/div>\n<\/div>\n<\/div>\n<div class=\"sc-2064d8e4-0 ldAwrZ\">\n<div class=\"sc-2064d8e4-1 glsSbH\"><strong>Almacenamiento<\/strong><\/p>\n<div class=\"sc-2064d8e4-2 cnxPHT\">-18\u00b0C\/0\u00b0F varios meses, ver envase.<\/div>\n<\/div>\n<\/div>","protected":false},"excerpt":{"rendered":"<p class=\"sc-4cae97ad-0 cyLNbZ\">Prueba nuestros mini waffles de papa para agregar una deliciosa variedad a tu men\u00fa.<\/p>\n<div class=\"sc-f8a742cd-0 sc-8ee0c512-1 WiLRe jSZlwA\">\n<p class=\"sc-4cae97ad-0 cyLNbZ\"><span class=\"sc-f8a742cd-2 fpeSIO\">Nuestra l\u00ednea de los productos de papa m\u00e1s deliciosos y vers\u00e1tiles\u00a0 son productos elaborados para agregar un toque sorpresa a cualquier men\u00fa.<\/span><\/p>\n<ul>\n<li><span class=\"sc-f8a742cd-2 fpeSIO\">Perfecto como snack o comidas compartidas<\/span><\/li>\n<li>F\u00e1cil de porcionar<\/li>\n<li>A\u00f1ade variedad a tu men\u00fa<\/li>\n<\/ul>\n<\/div>","protected":false},"featured_media":8846,"template":"","meta":{"_acf_changed":false,"_monsterinsights_skip_tracking":false,"_monsterinsights_sitenote_active":false,"_monsterinsights_sitenote_note":"","_monsterinsights_sitenote_category":0,"_themeisle_gutenberg_block_has_review":false},"pwb-brand":[368],"product_brand":[],"product_cat":[74,73,62,50],"product_tag":[350,370,77,191],"class_list":{"0":"post-8845","1":"product","2":"type-product","3":"status-publish","4":"has-post-thumbnail","6":"pwb-brand-farmfrites","7":"product_cat-french-fries","8":"product_cat-frozen","9":"product_cat-offers","10":"product_cat-products","11":"product_tag-acompanamiento","12":"product_tag-farm-frites","13":"product_tag-papas-fritas","14":"product_tag-paraguay","16":"first","17":"instock","18":"shipping-taxable","19":"purchasable","20":"product-type-simple"},"acf":[],"aioseo_notices":[],"brands":[{"id":368,"name":"Farm Frites","slug":"farmfrites"}],"_links":{"self":[{"href":"https:\/\/finefoods.com.py\/es\/wp-json\/wp\/v2\/product\/8845","targetHints":{"allow":["GET"]}}],"collection":[{"href":"https:\/\/finefoods.com.py\/es\/wp-json\/wp\/v2\/product"}],"about":[{"href":"https:\/\/finefoods.com.py\/es\/wp-json\/wp\/v2\/types\/product"}],"wp:featuredmedia":[{"embeddable":true,"href":"https:\/\/finefoods.com.py\/es\/wp-json\/wp\/v2\/media\/8846"}],"wp:attachment":[{"href":"https:\/\/finefoods.com.py\/es\/wp-json\/wp\/v2\/media?parent=8845"}],"wp:term":[{"taxonomy":"pwb-brand","embeddable":true,"href":"https:\/\/finefoods.com.py\/es\/wp-json\/wp\/v2\/pwb-brand?post=8845"},{"taxonomy":"product_brand","embeddable":true,"href":"https:\/\/finefoods.com.py\/es\/wp-json\/wp\/v2\/product_brand?post=8845"},{"taxonomy":"product_cat","embeddable":true,"href":"https:\/\/finefoods.com.py\/es\/wp-json\/wp\/v2\/product_cat?post=8845"},{"taxonomy":"product_tag","embeddable":true,"href":"https:\/\/finefoods.com.py\/es\/wp-json\/wp\/v2\/product_tag?post=8845"}],"curies":[{"name":"wp","href":"https:\/\/api.w.org\/{rel}","templated":true}]}}